{"id":512,"date":"2025-09-23T07:33:08","date_gmt":"2025-09-23T07:33:08","guid":{"rendered":"https:\/\/exka.com\/?page_id=512"},"modified":"2026-03-10T16:15:47","modified_gmt":"2026-03-10T16:15:47","slug":"our-team","status":"publish","type":"page","link":"https:\/\/exka.com\/en\/about-exka\/our-team\/","title":{"rendered":"Our Team"},"content":{"rendered":"<section class=\"exka-banner\" id=\"exka-banner-container-block_d323373f73cf80fd87a136a96da10cb9\">\n  <div class=\"exka-banner-container\" style=\"background-image:url(&#039;https:\/\/exka.com\/wp-content\/uploads\/2025\/09\/Photo-drone-LCN_2-scaled.jpg&#039;);background-size:cover;background-position:center center;background-repeat:no-repeat;\">\n    \n    <span class=\"exka-banner-container__overlay\" style=\"background-color: rgba(0,0,0,0.6);\"><\/span>\n\n    <!-- Existing content\/CTA wrapper (unchanged) -->\n    <div class=\"exka-banner-container__inner\">\n      <div class=\"exka-banner-container__content wysiwyg-lg\"  style=\"text-align: center; color: #FFFFFF;\">\n        <h1 style=\"text-align: center;\"><span data-sheets-root=\"1\">We\u2019re proud to work with such an exceptional team. Each of us brings his or her own expertise to bear on the creation of outstanding products and services. Working with a team like this motivates us to give our best every day.<\/span><\/h1>\n        \n              <\/div>\n    <\/div>\n  <\/div>\n<\/section>\n\n\n\n<h2 class=\"wp-block-heading alignwide has-text-align-center\"><mark style=\"background-color:rgba(0, 0, 0, 0);color:#585558\" class=\"has-inline-color\">ABOUT EXKA &#8211; OUR TEAM<\/mark><\/h2>\n\n\n<section class=\"exka-buckets-block size-custom\">\n  <div class=\"exka-buckets\"\n       style=\"\n         --bucket-media-ratio:21\/7;\n         --bucket-lines:4;\n                    --cols-desktop: 1;\n                \">\n\n          <article class=\"exka-bucket\" aria-labelledby=\"exka-bucket-title-1\">\n        <div class=\"exka-bucket__media\">\n                      <img\n              src=\"https:\/\/exka.com\/wp-content\/uploads\/2025\/10\/exka-our-team.jpg\"\n              alt=\"Our Team\"\n              loading=\"lazy\" decoding=\"async\" style=\"object-position: 20% 30%;\">\n                  <\/div>\n\n        <div class=\"exka-bucket__panel\" style=\"padding:4rem 3rem;background-color:#585558;background-image:url(https:\/\/exka.com\/wp-content\/uploads\/2025\/09\/exka-web-1-scaled.png);background-position:center;background-repeat:no-repeat;background-size:cover;\">\n                      <h3 style=\"color: #ffffff\" id=\"exka-bucket-title-1\" class=\"exka-bucket__title\">\n              Our Team            <\/h3>\n          \n          <p style=\"color: #ffffff\" class=\"exka-bucket__text\">Founded in 2019 by Dr. Maxime Paris, EXKA has brought together an exceptional team of passionate experts dedicated to redefining the cannabis experience. At the heart of every product lies rigorous research, precision, and innovation : all designed to deliver exceptional quality and experiences that go beyond the lab.<\/p>\n\n          <p class=\"exka-bucket__cta\">\n                      <\/p>\n        <\/div>\n      <\/article>\n      <\/div>\n<\/section>\n\n\n<section class=\"exka-buckets-block size-custom\">\n  <div class=\"exka-buckets\"\n       style=\"\n         --bucket-media-ratio:9\/12;\n         --bucket-lines:5;\n                \">\n\n          <article class=\"exka-bucket\" aria-labelledby=\"exka-bucket-title-1\">\n        <div class=\"exka-bucket__media\">\n                      <img\n              src=\"https:\/\/exka.com\/wp-content\/uploads\/2025\/10\/dr-maxime-paris.jpg\"\n              alt=\"Maxime Paris\"\n              loading=\"lazy\" decoding=\"async\" >\n                  <\/div>\n\n        <div class=\"exka-bucket__panel\" style=\"padding:18px 22px;background-color:#585558;background-image:url(https:\/\/exka.com\/wp-content\/uploads\/2025\/09\/exka-web-1-scaled.png);background-position:center;background-repeat:no-repeat;background-size:cover;\">\n                      <h3 style=\"color: #ffffff\" id=\"exka-bucket-title-1\" class=\"exka-bucket__title\">\n              Maxime Paris            <\/h3>\n          \n          <p style=\"color: #ffffff\" class=\"exka-bucket__text\">President &amp; CEO<br \/>\r\n<br \/>\r\nDr Maxime Paris is President and CEO of EXKA. He founded the company with the aim of creating a benchmark in cannabis innovation, genetics and extraction.<br \/>\r\n<br \/>\r\nMaxime has a solid background in agricultural biotechnology and holds a PhD in plant molecular genetics from Murdoch University (Australia). His research has focused on the development and optimization of high-throughput methods for marker-assisted plant breeding.<br \/>\r\n<br \/>\r\nHe has financial market experience gained at CIBC World Markets as a healthcare sector analyst. Maxime also holds an MBA in International Business from HEC Montr\u00e9al and a B.Sc. in Botanical Sciences at McGill University.<\/p>\n\n          <p class=\"exka-bucket__cta\">\n                      <\/p>\n        <\/div>\n      <\/article>\n          <article class=\"exka-bucket\" aria-labelledby=\"exka-bucket-title-2\">\n        <div class=\"exka-bucket__media\">\n                      <img\n              src=\"https:\/\/exka.com\/wp-content\/uploads\/2025\/10\/Sebastien-Desormeau.jpg\"\n              alt=\"Sebastien Desormeau\"\n              loading=\"lazy\" decoding=\"async\" >\n                  <\/div>\n\n        <div class=\"exka-bucket__panel\" style=\"padding:18px 22px;background-color:#585558;background-image:url(https:\/\/exka.com\/wp-content\/uploads\/2025\/09\/exka-web-1-scaled.png);background-position:center;background-repeat:no-repeat;background-size:cover;\">\n                      <h3 style=\"color: #ffffff\" id=\"exka-bucket-title-2\" class=\"exka-bucket__title\">\n              Sebastien Desormeau            <\/h3>\n          \n          <p style=\"color: #ffffff\" class=\"exka-bucket__text\">Vice-President and Chief Business Development Officer<br \/>\r\n<br \/>\r\nS\u00e9bastien D\u00e9sormeau brought over 20 years\u2019 experience in the pharmaceutical industry to the creation and development of EXKA.<br \/>\r\n<br \/>\r\nS\u00e9bastien has extensive experience in human resources and sales management at Pfizer Canada. He also acquired solid expertise in commercial partnerships, project management and government relations at Boehringer Ingelheim.<br \/>\r\n<br \/>\r\nWith an M.Sc. in Human Resources Management from HEC Montr\u00e9al and a B.A. in Psychology from McGill University, Montr\u00e9al, S\u00e9bastien also plays a key role as Head of Human Resources.<br \/>\r\n<br \/>\r\nS\u00e9bastien is responsible for protecting personal information at EXKA, ensuring that the company respects and complies with Bill 25 on the protection of personal information. To contact him, please send an e-mail to info@exka.com.<\/p>\n\n          <p class=\"exka-bucket__cta\">\n                      <\/p>\n        <\/div>\n      <\/article>\n          <article class=\"exka-bucket\" aria-labelledby=\"exka-bucket-title-3\">\n        <div class=\"exka-bucket__media\">\n                      <img\n              src=\"https:\/\/exka.com\/wp-content\/uploads\/2025\/10\/Dominic-Laflamme.jpg\"\n              alt=\"Dominic Laflamme\"\n              loading=\"lazy\" decoding=\"async\" >\n                  <\/div>\n\n        <div class=\"exka-bucket__panel\" style=\"padding:18px 22px;background-color:#585558;background-image:url(https:\/\/exka.com\/wp-content\/uploads\/2025\/09\/exka-web-1-scaled.png);background-position:center;background-repeat:no-repeat;background-size:cover;\">\n                      <h3 style=\"color: #ffffff\" id=\"exka-bucket-title-3\" class=\"exka-bucket__title\">\n              Dominic Laflamme            <\/h3>\n          \n          <p style=\"color: #ffffff\" class=\"exka-bucket__text\">Vice-President Sales and Marketing<br \/>\r\n<br \/>\r\nDominic comes to EXKA with 17 years\u2019 experience in the pharmaceutical industry with Boehringer Ingelheim Canada.<br \/>\r\n<br \/>\r\nHe has held a number of strategic sales and marketing positions (District Manager for the Primary Care and Specialty Teams, and Marketing Field Lead for the Cardiometabolic and Respiratory Brand Teams).<br \/>\r\n<br \/>\r\nDominic holds a B.A. from Barton College, North Carolina. He has just successfully completed his MBA at the Universit\u00e9 du Qu\u00e9bec en Outaouais. Dominic brings new energy and synergy to the EXKA team. Dominic can be contacted directly for all inquiries and ordering questions at +1 819 210 3317 or by e-mail: dlaflamme@exka.com.<\/p>\n\n          <p class=\"exka-bucket__cta\">\n                      <\/p>\n        <\/div>\n      <\/article>\n          <article class=\"exka-bucket\" aria-labelledby=\"exka-bucket-title-4\">\n        <div class=\"exka-bucket__media\">\n                      <img\n              src=\"https:\/\/exka.com\/wp-content\/uploads\/2025\/10\/Frederik-Gallant.jpg\"\n              alt=\"Fr\u00e9d\u00e9rick Gallant\"\n              loading=\"lazy\" decoding=\"async\" >\n                  <\/div>\n\n        <div class=\"exka-bucket__panel\" style=\"padding:18px 22px;background-color:#585558;background-image:url(https:\/\/exka.com\/wp-content\/uploads\/2025\/09\/exka-web-1-scaled.png);background-position:center;background-repeat:no-repeat;background-size:cover;\">\n                      <h3 style=\"color: #ffffff\" id=\"exka-bucket-title-4\" class=\"exka-bucket__title\">\n              Fr\u00e9d\u00e9rick Gallant            <\/h3>\n          \n          <p style=\"color: #ffffff\" class=\"exka-bucket__text\">Director of Innovation<br \/>\r\n<br \/>\r\nFr\u00e9d\u00e9rick has in-depth expertise in biotechnology, chemical engineering and the food sector. Graduated with a DEC in laboratory technology specializing in biotechnology and a bachelor&#8217;s degree in chemical engineering, he is also a Candidate to the engineering profession (CPI).<br \/>\r\n<br \/>\r\nFr\u00e9d\u00e9rick joined the EXKA team more than five years ago and today holds the position of Director of Innovation. In this capacity, he supervises the cannabis extraction and purification processes, manages production operations and actively contributes to product development. A key member of the research and development team, he puts his know-how at the service of innovation, performance and quality that distinguish EXKA.<\/p>\n\n          <p class=\"exka-bucket__cta\">\n                      <\/p>\n        <\/div>\n      <\/article>\n          <article class=\"exka-bucket\" aria-labelledby=\"exka-bucket-title-5\">\n        <div class=\"exka-bucket__media\">\n                      <img\n              src=\"https:\/\/exka.com\/wp-content\/uploads\/2025\/10\/Patricia-Di-Zazzo-1.jpg\"\n              alt=\"Patricia Di Zazzo\"\n              loading=\"lazy\" decoding=\"async\" >\n                  <\/div>\n\n        <div class=\"exka-bucket__panel\" style=\"padding:18px 22px;background-color:#585558;background-image:url(https:\/\/exka.com\/wp-content\/uploads\/2025\/09\/exka-web-1-scaled.png);background-position:center;background-repeat:no-repeat;background-size:cover;\">\n                      <h3 style=\"color: #ffffff\" id=\"exka-bucket-title-5\" class=\"exka-bucket__title\">\n              Patricia Di Zazzo            <\/h3>\n          \n          <p style=\"color: #ffffff\" class=\"exka-bucket__text\">Commercial Operations Manager<br \/>\r\n<br \/>\r\nPatricia Di Zazzo joined EXKA with 17 years of solid experience in the pharmaceutical sector. Holder of a DEC in medical technology, she worked for more than 10 years in a microbiology laboratory, where she developed scientific rigor and great attention to detail.<br \/>\r\n<br \/>\r\nSince her arrival at EXKA, Patricia has held several strategic positions, which allowed her to familiarize herself with different aspects of the company. She eventually found her way within the sales team, where she acts as Commercial Operations Manager.<br \/>\r\n<br \/>\r\nPatricia is recognized for her rigor, attention to detail and constant commitment, qualities that she uses in each of her responsibilities.<\/p>\n\n          <p class=\"exka-bucket__cta\">\n                      <\/p>\n        <\/div>\n      <\/article>\n          <article class=\"exka-bucket\" aria-labelledby=\"exka-bucket-title-6\">\n        <div class=\"exka-bucket__media\">\n                      <img\n              src=\"https:\/\/exka.com\/wp-content\/uploads\/2025\/10\/Alexander-Aguirre.jpg\"\n              alt=\"Alexander Aguirre\"\n              loading=\"lazy\" decoding=\"async\" >\n                  <\/div>\n\n        <div class=\"exka-bucket__panel\" style=\"padding:18px 22px;background-color:#585558;background-image:url(https:\/\/exka.com\/wp-content\/uploads\/2025\/09\/exka-web-1-scaled.png);background-position:center;background-repeat:no-repeat;background-size:cover;\">\n                      <h3 style=\"color: #ffffff\" id=\"exka-bucket-title-6\" class=\"exka-bucket__title\">\n              Alexander Aguirre            <\/h3>\n          \n          <p style=\"color: #ffffff\" class=\"exka-bucket__text\">Cultivation Manager<br \/>\r\n <br \/>\r\nWith more than ten years of experience in agronomy and research project management, Alexander has in-depth scientific expertise combined with solid field experience. Holder of a bachelor&#8217;s degree in agronomic engineering and a master&#8217;s degree in agronomic sciences, specializing in genetics and plant breeding, he worked within world-renowned research organizations such as the International Center for Tropical Agriculture (CIAT) and McGill University, where he held research assistant positions.<br \/>\r\n<br \/>\r\nSubsequently, he managed large-scale horticultural operations as Cultivation Manager, consolidating his skills in management and optimization of yields.<br \/>\r\nToday at EXKA, Alexander is dedicated to advancing the company&#8217;s genetics program, aimed at developing innovative and high-performance cannabis cultivars. It also ensures constant and impeccable quality of the final product, integrating scientific rigor and operational excellence.<\/p>\n\n          <p class=\"exka-bucket__cta\">\n                      <\/p>\n        <\/div>\n      <\/article>\n          <article class=\"exka-bucket\" aria-labelledby=\"exka-bucket-title-7\">\n        <div class=\"exka-bucket__media\">\n                      <img\n              src=\"https:\/\/exka.com\/wp-content\/uploads\/2025\/12\/kenny-macdonald.jpg\"\n              alt=\"Ken Macdonald OG\"\n              loading=\"lazy\" decoding=\"async\" >\n                  <\/div>\n\n        <div class=\"exka-bucket__panel\" style=\"padding:18px 22px;background-color:#585558;\">\n                      <h3 style=\"color: #ffffff\" id=\"exka-bucket-title-7\" class=\"exka-bucket__title\">\n              Ken Macdonald OG            <\/h3>\n          \n          <p style=\"color: #ffffff\" class=\"exka-bucket__text\">National Retail Sales Associate<br \/>\r\n <br \/>\r\nA true expert in the Canadian cannabis market, Ken helps retailers optimize sales and strengthen customer relationships through a collaborative, hands-on approach.<br \/>\r\n<br \/>\r\nBased in Winnipeg, Manitoba, Ken supports our partners in Western Canada and beyond \u2014 always ready to share his passion and insights.<br \/>\r\n<br \/>\r\nKen is deeply involved in cannabis culture and can often be seen in industry videos and events. He brings years of experience working with renowned Canadian producers. Ken can be contacted directly for all inquiries at +1 204-510-0475 or by e-mail: kmacdonald@exka.com.<\/p>\n\n          <p class=\"exka-bucket__cta\">\n                      <\/p>\n        <\/div>\n      <\/article>\n          <article class=\"exka-bucket\" aria-labelledby=\"exka-bucket-title-8\">\n        <div class=\"exka-bucket__media\">\n                      <img\n              src=\"https:\/\/exka.com\/wp-content\/uploads\/2025\/12\/jess_goodwin_v2.jpg\"\n              alt=\"Jess Goodwin\"\n              loading=\"lazy\" decoding=\"async\" >\n                  <\/div>\n\n        <div class=\"exka-bucket__panel\" style=\"padding:18px 22px;background-color:#585558;\">\n                      <h3 style=\"color: #ffffff\" id=\"exka-bucket-title-8\" class=\"exka-bucket__title\">\n              Jess Goodwin            <\/h3>\n          \n          <p style=\"color: #ffffff\" class=\"exka-bucket__text\">National Business Retail Manager<br \/>\r\n<br \/>\r\nWith extensive experience in business development and retail sales management in both cannabis and consumer packaged goods, Jess leads EXKA\u2019s national retail initiatives with key accounts and strategic retail partners.<br \/>\r\n<br \/>\r\nHer goal: to enhance the customer experience with the XK Brand while supporting the success of retailers in every province and territory.<br \/>\r\n<br \/>\r\nJess loves exploring new strains and staying ahead of market trends with innovative product formats. Jess can be contacted directly for all inquiries at +1 613-715-0845 or by e-mail: jgoodwin@exka.com.<\/p>\n\n          <p class=\"exka-bucket__cta\">\n                      <\/p>\n        <\/div>\n      <\/article>\n      <\/div>\n<\/section>\n","protected":false},"excerpt":{"rendered":"<p>ABOUT EXKA &#8211; OUR TEAM<\/p>\n","protected":false},"author":1,"featured_media":0,"parent":446,"menu_order":0,"comment_status":"closed","ping_status":"closed","template":"","meta":{"_acf_changed":false,"footnotes":""},"class_list":["post-512","page","type-page","status-publish","hentry"],"acf":[],"_links":{"self":[{"href":"https:\/\/exka.com\/en\/wp-json\/wp\/v2\/pages\/512","targetHints":{"allow":["GET"]}}],"collection":[{"href":"https:\/\/exka.com\/en\/wp-json\/wp\/v2\/pages"}],"about":[{"href":"https:\/\/exka.com\/en\/wp-json\/wp\/v2\/types\/page"}],"author":[{"embeddable":true,"href":"https:\/\/exka.com\/en\/wp-json\/wp\/v2\/users\/1"}],"replies":[{"embeddable":true,"href":"https:\/\/exka.com\/en\/wp-json\/wp\/v2\/comments?post=512"}],"version-history":[{"count":49,"href":"https:\/\/exka.com\/en\/wp-json\/wp\/v2\/pages\/512\/revisions"}],"predecessor-version":[{"id":2621,"href":"https:\/\/exka.com\/en\/wp-json\/wp\/v2\/pages\/512\/revisions\/2621"}],"up":[{"embeddable":true,"href":"https:\/\/exka.com\/en\/wp-json\/wp\/v2\/pages\/446"}],"wp:attachment":[{"href":"https:\/\/exka.com\/en\/wp-json\/wp\/v2\/media?parent=512"}],"curies":[{"name":"wp","href":"https:\/\/api.w.org\/{rel}","templated":true}]}}